{"id":484,"date":"2013-01-12T22:42:16","date_gmt":"2013-01-12T20:42:16","guid":{"rendered":"http:\/\/www.sirrs.de\/testpress\/?page_id=484"},"modified":"2021-05-18T13:46:59","modified_gmt":"2021-05-18T11:46:59","slug":"ubersicht","status":"publish","type":"page","link":"http:\/\/dev.hausamwalde.com\/wp\/wohnungen\/ubersicht\/","title":{"rendered":"\u00dcbersicht"},"content":{"rendered":"<h2><a href=\"http:\/\/dev.hausamwalde.com\/wp\/wp-content\/uploads\/pferde02.jpg\" rel=\"lightbox[484]\"><img loading=\"lazy\" decoding=\"async\" class=\"alignleft wp-image-512\" src=\"http:\/\/dev.hausamwalde.com\/wp\/wp-content\/uploads\/pferde02-200x300.jpg\" alt=\"Frau Kutzner &quot;in Aktion&quot;\" width=\"200\" height=\"300\" \/><\/a>Das &#8222;Haus am Walde&#8220; verf\u00fcgt \u00fcber sechs zeitgem\u00e4\u00df eingerichtete Ferienwohnungen mit gutem Komfort. Jede Wohnung ist individuell und ansprechend wohnlich eingerichtet.<\/h2>\n<p>Alle Wohnungen verf\u00fcgen \u00fcber einen Wohnraum mit komplett eingerichteter K\u00fcche, TV mit Satelliten-Receiver und Internetzugang per WLAN. Dazu kommen ein oder zwei Schlafzimmer und ein Duschbad mit WC. Ein Kinderbett ist bei Bedarf in jeder Wohnung zustellbar, Bettw\u00e4sche und Handt\u00fccher werden von uns gestellt.<br \/>\nEinige unserer Wohnungen verf\u00fcgen \u00fcber einen Balkon &#8211;<br \/>\nalle Wohnungen bieten einen Ausblick in die urspr\u00fcngliche umgebende Natur.<\/p>\n<p>&nbsp;<\/p>\n<p>&nbsp;<\/p>\n<p><a href=\"http:\/\/dev.hausamwalde.com\/wp\/wp-content\/uploads\/web_200716_39.jpg\" rel=\"lightbox[484]\"><img loading=\"lazy\" decoding=\"async\" class=\"size-medium wp-image-1096 alignright\" src=\"http:\/\/dev.hausamwalde.com\/wp\/wp-content\/uploads\/web_200716_39-300x200.jpg\" alt=\"\" width=\"300\" height=\"200\" srcset=\"http:\/\/dev.hausamwalde.com\/wp\/wp-content\/uploads\/web_200716_39-300x200.jpg 300w, http:\/\/dev.hausamwalde.com\/wp\/wp-content\/uploads\/web_200716_39-768x511.jpg 768w, http:\/\/dev.hausamwalde.com\/wp\/wp-content\/uploads\/web_200716_39-1024x681.jpg 1024w, http:\/\/dev.hausamwalde.com\/wp\/wp-content\/uploads\/web_200716_39-451x300.jpg 451w, http:\/\/dev.hausamwalde.com\/wp\/wp-content\/uploads\/web_200716_39.jpg 1900w\" sizes=\"auto, (max-width: 300px) 100vw, 300px\" \/><\/a><\/p>\n<p>&nbsp;<\/p>\n<p>&nbsp;<\/p>\n<p>Unseren G\u00e4sten stehen der weitl\u00e4ufige, eingewachsene Garten zur Verf\u00fcgung.<\/p>\n<p>F\u00fcr die Details der sechs Unterk\u00fcnfte w\u00e4hlen Sie bitte unter &#8222;unser Angebot&#8220; ein Apartment oder die <a title=\"Preis\u00fcbersicht\" href=\"http:\/\/dev.hausamwalde.com\/wp\/?page_id=852\">Preisliste<\/a> aus oder <a title=\"Kontakt\" href=\"http:\/\/dev.hausamwalde.com\/wp\/?page_id=20\">kontaktieren<\/a> uns f\u00fcr Buchung und Verf\u00fcgbarkeit.<\/p>\n<h3><\/h3>\n<p><a href=\"http:\/\/dev.hausamwalde.com\/wp\/wp-content\/uploads\/kutsche06.jpg\" rel=\"lightbox[484]\"><img loading=\"lazy\" decoding=\"async\" class=\"alignright\" src=\"http:\/\/dev.hausamwalde.com\/wp\/wp-content\/uploads\/kutsche06-300x189.jpg\" alt=\"Unsere Kutsche\" width=\"300\" height=\"189\" \/><\/a><\/p>\n<p>Die Preise f\u00fcr die Unterkunft finden Sie <a title=\"Preis\u00fcbersicht\" href=\"http:\/\/dev.hausamwalde.com\/wp\/?page_id=852\">hier<\/a> &#8211; ab \u20ac50.- pro Tag geht es los &#8211; abh\u00e4ngig von der Jahreszeit, der gew\u00fcnschten Dauer Ihres Urlaubs und der gew\u00fcnschten Wohnung erhalten Sie Ihr Angebot. Gegen einen geringen Aufpreis k\u00f6nnen Hunde mitgebracht werden.<\/p>\n<h1>Familie Kutzner freut sich auf Sie!<\/h1>\n","protected":false},"excerpt":{"rendered":"<p>Das &#8222;Haus am Walde&#8220; verf\u00fcgt \u00fcber sechs zeitgem\u00e4\u00df eingerichtete Ferienwohnungen mit gutem Komfort. Jede Wohnung ist individuell und ansprechend wohnlich eingerichtet. Alle Wohnungen verf\u00fcgen \u00fcber einen Wohnraum mit komplett eingerichteter K\u00fcche, TV mit Satelliten-Receiver und Internetzugang per WLAN. Dazu kommen &hellip; <a href=\"http:\/\/dev.hausamwalde.com\/wp\/wohnungen\/ubersicht\/\">Weiterlesen <span class=\"meta-nav\">&rarr;<\/span><\/a><\/p>\n","protected":false},"author":1,"featured_media":0,"parent":40,"menu_order":0,"comment_status":"closed","ping_status":"closed","template":"","meta":{"footnotes":""},"class_list":["post-484","page","type-page","status-publish","hentry"],"_links":{"self":[{"href":"http:\/\/dev.hausamwalde.com\/wp\/wp-json\/wp\/v2\/pages\/484","targetHints":{"allow":["GET"]}}],"collection":[{"href":"http:\/\/dev.hausamwalde.com\/wp\/wp-json\/wp\/v2\/pages"}],"about":[{"href":"http:\/\/dev.hausamwalde.com\/wp\/wp-json\/wp\/v2\/types\/page"}],"author":[{"embeddable":true,"href":"http:\/\/dev.hausamwalde.com\/wp\/wp-json\/wp\/v2\/users\/1"}],"replies":[{"embeddable":true,"href":"http:\/\/dev.hausamwalde.com\/wp\/wp-json\/wp\/v2\/comments?post=484"}],"version-history":[{"count":8,"href":"http:\/\/dev.hausamwalde.com\/wp\/wp-json\/wp\/v2\/pages\/484\/revisions"}],"predecessor-version":[{"id":1098,"href":"http:\/\/dev.hausamwalde.com\/wp\/wp-json\/wp\/v2\/pages\/484\/revisions\/1098"}],"up":[{"embeddable":true,"href":"http:\/\/dev.hausamwalde.com\/wp\/wp-json\/wp\/v2\/pages\/40"}],"wp:attachment":[{"href":"http:\/\/dev.hausamwalde.com\/wp\/wp-json\/wp\/v2\/media?parent=484"}],"curies":[{"name":"wp","href":"https:\/\/api.w.org\/{rel}","templated":true}]}}